{"id":97,"date":"2019-02-24T09:31:44","date_gmt":"2019-02-24T08:31:44","guid":{"rendered":"http:\/\/sundbergsekor.com\/?page_id=97"},"modified":"2024-03-20T18:47:44","modified_gmt":"2024-03-20T17:47:44","slug":"massor-2019","status":"publish","type":"page","link":"http:\/\/sundbergsekor.com\/?page_id=97","title":{"rendered":"M\u00e4ssor 2024"},"content":{"rendered":"<p>2024 \u00e5rs planerade m\u00e4ssor:<\/p>\n<p><strong>28-30 Juni<br \/>\n<\/strong><a href=\"https:\/\/brunskogshembygdsgard.se\/evenemang\/hantverksmassa\/hantverksmassa.html\" target=\"_blank\" rel=\"noopener\">Hantverksm\u00e4ssan i Brunskog<\/a><\/p>\n<p><strong>10-11 Augusti<br \/>\n<\/strong><a href=\"https:\/\/xn--jrnbos-buam.se\/upplev\/larsmass\/\" target=\"_blank\" rel=\"noopener\">Larsm\u00e4ss i J\u00e4rnbo\u00e5s<\/a><\/p>\n","protected":false},"excerpt":{"rendered":"<p>2024 \u00e5rs planerade m\u00e4ssor: 28-30 Juni Hantverksm\u00e4ssan i Brunskog 10-11 Augusti Larsm\u00e4ss i J\u00e4rnbo\u00e5s<\/p>\n","protected":false},"author":1,"featured_media":0,"parent":0,"menu_order":0,"comment_status":"closed","ping_status":"closed","template":"","meta":{"footnotes":""},"class_list":["post-97","page","type-page","status-publish","hentry"],"_links":{"self":[{"href":"http:\/\/sundbergsekor.com\/index.php?rest_route=\/wp\/v2\/pages\/97"}],"collection":[{"href":"http:\/\/sundbergsekor.com\/index.php?rest_route=\/wp\/v2\/pages"}],"about":[{"href":"http:\/\/sundbergsekor.com\/index.php?rest_route=\/wp\/v2\/types\/page"}],"author":[{"embeddable":true,"href":"http:\/\/sundbergsekor.com\/index.php?rest_route=\/wp\/v2\/users\/1"}],"replies":[{"embeddable":true,"href":"http:\/\/sundbergsekor.com\/index.php?rest_route=%2Fwp%2Fv2%2Fcomments&post=97"}],"version-history":[{"count":11,"href":"http:\/\/sundbergsekor.com\/index.php?rest_route=\/wp\/v2\/pages\/97\/revisions"}],"predecessor-version":[{"id":121,"href":"http:\/\/sundbergsekor.com\/index.php?rest_route=\/wp\/v2\/pages\/97\/revisions\/121"}],"wp:attachment":[{"href":"http:\/\/sundbergsekor.com\/index.php?rest_route=%2Fwp%2Fv2%2Fmedia&parent=97"}],"curies":[{"name":"wp","href":"https:\/\/api.w.org\/{rel}","templated":true}]}}