{"id":83,"date":"2018-04-22T18:53:32","date_gmt":"2018-04-22T17:53:32","guid":{"rendered":"http:\/\/sundbergsekor.com\/?page_id=83"},"modified":"2018-04-23T07:28:27","modified_gmt":"2018-04-23T06:28:27","slug":"skotselrad","status":"publish","type":"page","link":"http:\/\/sundbergsekor.com\/?page_id=83","title":{"rendered":"Sk\u00f6tselr\u00e5d"},"content":{"rendered":"<p>Inf\u00f6r vinterf\u00f6rvaring:<br \/>\nReng\u00f6r ekan inv\u00e4ndigt, l\u00e4mpligast med borste och vatten, men det g\u00e5r \u00e4ven bra med h\u00f6gtryckstv\u00e4tt. Ekan v\u00e4ndes och se till att den ligger plant p\u00e5 breda bockar. Om man vill t\u00e4cka b\u00e5ten med presenning b\u00f6r det placeras\u00a0 n\u00e5got mellan ekan och presenning f\u00f6r att m\u00f6jligg\u00f6ra luftv\u00e4xling.<\/p>\n<p>Innan sj\u00f6s\u00e4ttning:<br \/>\nSe till att ekan \u00e4r riktigt torr f\u00f6re behandling med Roslagsmahogny (lika delar tj\u00e4ra, balsamterpentin och r\u00e5 linolja). Behandla b\u00e5de in- och utv\u00e4ndigt. V\u00e4nta sedan n\u00e5gon dag med sj\u00f6s\u00e4ttning.<\/p>\n","protected":false},"excerpt":{"rendered":"<p>Inf\u00f6r vinterf\u00f6rvaring: Reng\u00f6r ekan inv\u00e4ndigt, l\u00e4mpligast med borste och vatten, men det g\u00e5r \u00e4ven bra med h\u00f6gtryckstv\u00e4tt. Ekan v\u00e4ndes och se till att den ligger plant p\u00e5 breda bockar. Om man vill t\u00e4cka b\u00e5ten med presenning b\u00f6r det placeras\u00a0 n\u00e5got &hellip; <a href=\"http:\/\/sundbergsekor.com\/?page_id=83\">Forts\u00e4tt l\u00e4sa <span class=\"meta-nav\">&rarr;<\/span><\/a><\/p>\n","protected":false},"author":1,"featured_media":0,"parent":0,"menu_order":0,"comment_status":"closed","ping_status":"closed","template":"","meta":{"footnotes":""},"class_list":["post-83","page","type-page","status-publish","hentry"],"_links":{"self":[{"href":"http:\/\/sundbergsekor.com\/index.php?rest_route=\/wp\/v2\/pages\/83"}],"collection":[{"href":"http:\/\/sundbergsekor.com\/index.php?rest_route=\/wp\/v2\/pages"}],"about":[{"href":"http:\/\/sundbergsekor.com\/index.php?rest_route=\/wp\/v2\/types\/page"}],"author":[{"embeddable":true,"href":"http:\/\/sundbergsekor.com\/index.php?rest_route=\/wp\/v2\/users\/1"}],"replies":[{"embeddable":true,"href":"http:\/\/sundbergsekor.com\/index.php?rest_route=%2Fwp%2Fv2%2Fcomments&post=83"}],"version-history":[{"count":2,"href":"http:\/\/sundbergsekor.com\/index.php?rest_route=\/wp\/v2\/pages\/83\/revisions"}],"predecessor-version":[{"id":87,"href":"http:\/\/sundbergsekor.com\/index.php?rest_route=\/wp\/v2\/pages\/83\/revisions\/87"}],"wp:attachment":[{"href":"http:\/\/sundbergsekor.com\/index.php?rest_route=%2Fwp%2Fv2%2Fmedia&parent=83"}],"curies":[{"name":"wp","href":"https:\/\/api.w.org\/{rel}","templated":true}]}}