{"id":60,"date":"2018-04-22T18:26:39","date_gmt":"2018-04-22T17:26:39","guid":{"rendered":"http:\/\/sundbergsekor.com\/?page_id=60"},"modified":"2024-04-23T09:32:12","modified_gmt":"2024-04-23T08:32:12","slug":"valkommen-till-hallefors-ekan-i-sjorika-bergslagen","status":"publish","type":"page","link":"http:\/\/sundbergsekor.com\/","title":{"rendered":"V\u00e4lkommen till H\u00e4llefors Ekan i sj\u00f6rika Bergslagen"},"content":{"rendered":"<p><meta name=\"msvalidate.01\" content=\"0446829B613180942B2896FB931CD956\" \/><br \/>\nJag tillverkar och s\u00e4ljer tr\u00e4ekor, d\u00e4r jag till st\u00f6rsta delen anv\u00e4nder mig av gran.<\/p>\n<p>Det \u00e4r en klassisk modell av tr\u00e4eka som har kopparnitade bord och \u00e4r 4,20 &#8211; 4,30 m l\u00e5ng och ca 1,35 m bred.<\/p>\n<p>Ekan behandlas om s\u00e5 \u00f6nskas med Roslagsmahogny, som \u00e4r en blandning av tj\u00e4ra, linolja och balsamterpentin.<\/p>\n<p>Priserna varierar beroende p\u00e5 utf\u00f6rande och om den ska behandlas eller ej. Transport\/leverans av din best\u00e4llda eka kan ordnas mot extra kostnad.<\/p>\n<p>Vid intresse, kontakta mig via telefon. Jag har ofta ekor p\u00e5 lager!<\/p>\n<p>Klas Sundberg<br \/>\n070-3732321<\/p>\n<p>Foton finns i galleriet. <a href=\"http:\/\/sundbergsekor.com\/?page_id=15\">Klicka h\u00e4r.<\/a><\/p>\n","protected":false},"excerpt":{"rendered":"<p>Jag tillverkar och s\u00e4ljer tr\u00e4ekor, d\u00e4r jag till st\u00f6rsta delen anv\u00e4nder mig av gran. Det \u00e4r en klassisk modell av tr\u00e4eka som har kopparnitade bord och \u00e4r 4,20 &#8211; 4,30 m l\u00e5ng och ca 1,35 m bred. Ekan behandlas om &hellip; <a href=\"http:\/\/sundbergsekor.com\/\">Forts\u00e4tt l\u00e4sa <span class=\"meta-nav\">&rarr;<\/span><\/a><\/p>\n","protected":false},"author":1,"featured_media":0,"parent":0,"menu_order":0,"comment_status":"closed","ping_status":"closed","template":"","meta":{"footnotes":""},"class_list":["post-60","page","type-page","status-publish","hentry"],"_links":{"self":[{"href":"http:\/\/sundbergsekor.com\/index.php?rest_route=\/wp\/v2\/pages\/60"}],"collection":[{"href":"http:\/\/sundbergsekor.com\/index.php?rest_route=\/wp\/v2\/pages"}],"about":[{"href":"http:\/\/sundbergsekor.com\/index.php?rest_route=\/wp\/v2\/types\/page"}],"author":[{"embeddable":true,"href":"http:\/\/sundbergsekor.com\/index.php?rest_route=\/wp\/v2\/users\/1"}],"replies":[{"embeddable":true,"href":"http:\/\/sundbergsekor.com\/index.php?rest_route=%2Fwp%2Fv2%2Fcomments&post=60"}],"version-history":[{"count":9,"href":"http:\/\/sundbergsekor.com\/index.php?rest_route=\/wp\/v2\/pages\/60\/revisions"}],"predecessor-version":[{"id":128,"href":"http:\/\/sundbergsekor.com\/index.php?rest_route=\/wp\/v2\/pages\/60\/revisions\/128"}],"wp:attachment":[{"href":"http:\/\/sundbergsekor.com\/index.php?rest_route=%2Fwp%2Fv2%2Fmedia&parent=60"}],"curies":[{"name":"wp","href":"https:\/\/api.w.org\/{rel}","templated":true}]}}